{"id":1198,"date":"2015-04-21T13:07:07","date_gmt":"2015-04-21T13:07:07","guid":{"rendered":"http:\/\/pas.ee\/teenused\/rahvusvaheline-kolimine\/"},"modified":"2017-03-22T14:28:33","modified_gmt":"2017-03-22T11:28:33","slug":"kansanvalinen-muutto","status":"publish","type":"page","link":"https:\/\/pas.ee\/fi\/palvelut\/kansanvalinen-muutto\/","title":{"rendered":"KANSANV\u00c4LINEN MUUTTO"},"content":{"rendered":"<p style=\"text-align: justify;\"><img loading=\"lazy\" decoding=\"async\" class=\" size-medium wp-image-1690 alignleft\" src=\"https:\/\/pas.ee\/wp-content\/uploads\/2015\/04\/Teenused_Kolimine-321x200.jpg\" alt=\"Teenused_Kolimine\" width=\"321\" height=\"200\" srcset=\"https:\/\/pas.ee\/wp-content\/uploads\/2015\/04\/Teenused_Kolimine-321x200.jpg 321w, https:\/\/pas.ee\/wp-content\/uploads\/2015\/04\/Teenused_Kolimine-100x62.jpg 100w, https:\/\/pas.ee\/wp-content\/uploads\/2015\/04\/Teenused_Kolimine.jpg 375w\" sizes=\"(max-width: 321px) 100vw, 321px\" \/>Kansanv\u00e4listen muuttojen j\u00e4rjestelyn kaikista t\u00e4rke\u00e4mm\u00e4ksi tavoitteeksi on Teid\u00e4n, kun muuttajan tyytyv\u00e4isyys. Olemme rakentanut palvelumme ajatellen ennen kaikkea Teid\u00e4n vaatimuksia ja toiveita.<\/p>\n<p style=\"text-align: justify;\">Hyvin onnistunut rajan yli muuttaminen on t\u00e4sm\u00e4llisesti suunniteltu, kaikkia mahdollisia riskej\u00e4 ja yll\u00e4tyksi\u00e4 huomioon ottaen, omaa laatua todistanut kumppanimme ja ammattilaista asiakaspalvelua tarjoava palveluiden yhdistelm\u00e4, mink\u00e4 loppu tuloksessa Te n\u00e4ette, ett\u00e4 ep\u00e4mukavuus ja murhe, ei aina ole yhteydess\u00e4 muutto hommiin.<\/p>\n<p style=\"text-align: justify;\">Voidaan tarjoa Teille varmuutta, ett\u00e4 olette j\u00e4tt\u00e4neet henkil\u00f6kohtaiset tavarat oikealle yhteisty\u00f6kumppanille, kuka osaa muutossa arvostaa Teid\u00e4n tunne arvolla esineiden ja kenell\u00e4 on pitk\u00e4aikainen kokemus, toimittaa l\u00e4hetys turvallisesti ja v\u00e4h\u00e4isell\u00e4 ajankululla mihin paikkaan tahansa.<\/p>\n<p style=\"text-align: justify;\">Jokaisessa l\u00e4ht\u00f6 &#8211; ja kohdemaassa k\u00e4ytet\u00e4\u00e4n vain tosi luotettavia kumppaneita, kuka jakaa samoja laatu vaatimuksia ja arvoarvostelmia.<\/p>\n<p style=\"text-align: justify;\">Seuraavasti on hahmoteltu yleisemm\u00e4t palvelut mit\u00e4 tarjoamme. Kuitenkin jokainen muutto on erilainen ja me l\u00f6ydet\u00e4\u00e4n kaikille eri projekteille juuri se kaikista sopivampi ratkaisu, huomioon ottaen Teid\u00e4n toiveet, hyv\u00e4 tapa, meid\u00e4n laatu, kokemukset ja kykymme.<\/p>\n","protected":false},"excerpt":{"rendered":"<p>Kansanv\u00e4listen muuttojen j\u00e4rjestelyn kaikista t\u00e4rke\u00e4mm\u00e4ksi tavoitteeksi on Teid\u00e4n, kun muuttajan tyytyv\u00e4isyys. Olemme rakentanut palvelumme ajatellen ennen kaikkea Teid\u00e4n vaatimuksia ja toiveita. Hyvin onnistunut<a class=\"moretag\" href=\"https:\/\/pas.ee\/fi\/palvelut\/kansanvalinen-muutto\/\"> Read more&#8230;<\/a><\/p>\n","protected":false},"author":1,"featured_media":0,"parent":35,"menu_order":2,"comment_status":"closed","ping_status":"closed","template":"","meta":{"_acf_changed":false,"footnotes":""},"class_list":["post-1198","page","type-page","status-publish","hentry"],"acf":[],"yoast_head":"<!-- This site is optimized with the Yoast SEO plugin v24.8.1 - https:\/\/yoast.com\/wordpress\/plugins\/seo\/ -->\n<title>KANSANV\u00c4LINEN MUUTTO - PAS<\/title>\n<meta name=\"robots\" content=\"index, follow, max-snippet:-1, max-image-preview:large, max-video-preview:-1\" \/>\n<link rel=\"canonical\" href=\"https:\/\/pas.ee\/fi\/palvelut\/kansanvalinen-muutto\/\" \/>\n<meta property=\"og:locale\" content=\"fi_FI\" \/>\n<meta property=\"og:type\" content=\"article\" \/>\n<meta property=\"og:title\" content=\"KANSANV\u00c4LINEN MUUTTO - PAS\" \/>\n<meta property=\"og:description\" content=\"Kansanv\u00e4listen muuttojen j\u00e4rjestelyn kaikista t\u00e4rke\u00e4mm\u00e4ksi tavoitteeksi on Teid\u00e4n, kun muuttajan tyytyv\u00e4isyys. Olemme rakentanut palvelumme ajatellen ennen kaikkea Teid\u00e4n vaatimuksia ja toiveita. Hyvin onnistunut Read more...\" \/>\n<meta property=\"og:url\" content=\"https:\/\/pas.ee\/fi\/palvelut\/kansanvalinen-muutto\/\" \/>\n<meta property=\"og:site_name\" content=\"PAS\" \/>\n<meta property=\"article:publisher\" content=\"https:\/\/www.facebook.com\/PASEESTI\/\" \/>\n<meta property=\"article:modified_time\" content=\"2017-03-22T11:28:33+00:00\" \/>\n<meta property=\"og:image\" content=\"https:\/\/pas.ee\/wp-content\/uploads\/2015\/04\/Teenused_Kolimine-321x200.jpg\" \/>\n<meta name=\"twitter:card\" content=\"summary_large_image\" \/>\n<meta name=\"twitter:label1\" content=\"Arvioitu lukuaika\" \/>\n\t<meta name=\"twitter:data1\" content=\"1 minuutti\" \/>\n<script type=\"application\/ld+json\" class=\"yoast-schema-graph\">{\"@context\":\"https:\/\/schema.org\",\"@graph\":[{\"@type\":\"WebPage\",\"@id\":\"https:\/\/pas.ee\/fi\/palvelut\/kansanvalinen-muutto\/\",\"url\":\"https:\/\/pas.ee\/fi\/palvelut\/kansanvalinen-muutto\/\",\"name\":\"KANSANV\u00c4LINEN MUUTTO - PAS\",\"isPartOf\":{\"@id\":\"https:\/\/pas.ee\/#website\"},\"primaryImageOfPage\":{\"@id\":\"https:\/\/pas.ee\/fi\/palvelut\/kansanvalinen-muutto\/#primaryimage\"},\"image\":{\"@id\":\"https:\/\/pas.ee\/fi\/palvelut\/kansanvalinen-muutto\/#primaryimage\"},\"thumbnailUrl\":\"https:\/\/pas.ee\/wp-content\/uploads\/2015\/04\/Teenused_Kolimine-321x200.jpg\",\"datePublished\":\"2015-04-21T13:07:07+00:00\",\"dateModified\":\"2017-03-22T11:28:33+00:00\",\"breadcrumb\":{\"@id\":\"https:\/\/pas.ee\/fi\/palvelut\/kansanvalinen-muutto\/#breadcrumb\"},\"inLanguage\":\"fi\",\"potentialAction\":[{\"@type\":\"ReadAction\",\"target\":[\"https:\/\/pas.ee\/fi\/palvelut\/kansanvalinen-muutto\/\"]}]},{\"@type\":\"ImageObject\",\"inLanguage\":\"fi\",\"@id\":\"https:\/\/pas.ee\/fi\/palvelut\/kansanvalinen-muutto\/#primaryimage\",\"url\":\"https:\/\/pas.ee\/wp-content\/uploads\/2015\/04\/Teenused_Kolimine-321x200.jpg\",\"contentUrl\":\"https:\/\/pas.ee\/wp-content\/uploads\/2015\/04\/Teenused_Kolimine-321x200.jpg\"},{\"@type\":\"BreadcrumbList\",\"@id\":\"https:\/\/pas.ee\/fi\/palvelut\/kansanvalinen-muutto\/#breadcrumb\",\"itemListElement\":[{\"@type\":\"ListItem\",\"position\":1,\"name\":\"Home\",\"item\":\"https:\/\/pas.ee\/fi\/\"},{\"@type\":\"ListItem\",\"position\":2,\"name\":\"PALVELUT\",\"item\":\"https:\/\/pas.ee\/fi\/palvelut\/\"},{\"@type\":\"ListItem\",\"position\":3,\"name\":\"KANSANV\u00c4LINEN MUUTTO\"}]},{\"@type\":\"WebSite\",\"@id\":\"https:\/\/pas.ee\/#website\",\"url\":\"https:\/\/pas.ee\/\",\"name\":\"Plado Art Services\",\"description\":\"J\u00e4rjekordne WordPressi veebileht\",\"publisher\":{\"@id\":\"https:\/\/pas.ee\/#organization\"},\"potentialAction\":[{\"@type\":\"SearchAction\",\"target\":{\"@type\":\"EntryPoint\",\"urlTemplate\":\"https:\/\/pas.ee\/?s={search_term_string}\"},\"query-input\":{\"@type\":\"PropertyValueSpecification\",\"valueRequired\":true,\"valueName\":\"search_term_string\"}}],\"inLanguage\":\"fi\"},{\"@type\":\"Organization\",\"@id\":\"https:\/\/pas.ee\/#organization\",\"name\":\"Plado Art Services\",\"url\":\"https:\/\/pas.ee\/\",\"logo\":{\"@type\":\"ImageObject\",\"inLanguage\":\"fi\",\"@id\":\"https:\/\/pas.ee\/#\/schema\/logo\/image\/\",\"url\":\"https:\/\/pas.ee\/wp-content\/uploads\/2015\/04\/PladoArt-Services_Logo.jpg\",\"contentUrl\":\"https:\/\/pas.ee\/wp-content\/uploads\/2015\/04\/PladoArt-Services_Logo.jpg\",\"width\":496,\"height\":227,\"caption\":\"Plado Art Services\"},\"image\":{\"@id\":\"https:\/\/pas.ee\/#\/schema\/logo\/image\/\"},\"sameAs\":[\"https:\/\/www.facebook.com\/PASEESTI\/\"]}]}<\/script>\n<!-- \/ Yoast SEO plugin. -->","yoast_head_json":{"title":"KANSANV\u00c4LINEN MUUTTO - PAS","robots":{"index":"index","follow":"follow","max-snippet":"max-snippet:-1","max-image-preview":"max-image-preview:large","max-video-preview":"max-video-preview:-1"},"canonical":"https:\/\/pas.ee\/fi\/palvelut\/kansanvalinen-muutto\/","og_locale":"fi_FI","og_type":"article","og_title":"KANSANV\u00c4LINEN MUUTTO - PAS","og_description":"Kansanv\u00e4listen muuttojen j\u00e4rjestelyn kaikista t\u00e4rke\u00e4mm\u00e4ksi tavoitteeksi on Teid\u00e4n, kun muuttajan tyytyv\u00e4isyys. Olemme rakentanut palvelumme ajatellen ennen kaikkea Teid\u00e4n vaatimuksia ja toiveita. Hyvin onnistunut Read more...","og_url":"https:\/\/pas.ee\/fi\/palvelut\/kansanvalinen-muutto\/","og_site_name":"PAS","article_publisher":"https:\/\/www.facebook.com\/PASEESTI\/","article_modified_time":"2017-03-22T11:28:33+00:00","og_image":[{"url":"https:\/\/pas.ee\/wp-content\/uploads\/2015\/04\/Teenused_Kolimine-321x200.jpg","type":"","width":"","height":""}],"twitter_card":"summary_large_image","twitter_misc":{"Arvioitu lukuaika":"1 minuutti"},"schema":{"@context":"https:\/\/schema.org","@graph":[{"@type":"WebPage","@id":"https:\/\/pas.ee\/fi\/palvelut\/kansanvalinen-muutto\/","url":"https:\/\/pas.ee\/fi\/palvelut\/kansanvalinen-muutto\/","name":"KANSANV\u00c4LINEN MUUTTO - PAS","isPartOf":{"@id":"https:\/\/pas.ee\/#website"},"primaryImageOfPage":{"@id":"https:\/\/pas.ee\/fi\/palvelut\/kansanvalinen-muutto\/#primaryimage"},"image":{"@id":"https:\/\/pas.ee\/fi\/palvelut\/kansanvalinen-muutto\/#primaryimage"},"thumbnailUrl":"https:\/\/pas.ee\/wp-content\/uploads\/2015\/04\/Teenused_Kolimine-321x200.jpg","datePublished":"2015-04-21T13:07:07+00:00","dateModified":"2017-03-22T11:28:33+00:00","breadcrumb":{"@id":"https:\/\/pas.ee\/fi\/palvelut\/kansanvalinen-muutto\/#breadcrumb"},"inLanguage":"fi","potentialAction":[{"@type":"ReadAction","target":["https:\/\/pas.ee\/fi\/palvelut\/kansanvalinen-muutto\/"]}]},{"@type":"ImageObject","inLanguage":"fi","@id":"https:\/\/pas.ee\/fi\/palvelut\/kansanvalinen-muutto\/#primaryimage","url":"https:\/\/pas.ee\/wp-content\/uploads\/2015\/04\/Teenused_Kolimine-321x200.jpg","contentUrl":"https:\/\/pas.ee\/wp-content\/uploads\/2015\/04\/Teenused_Kolimine-321x200.jpg"},{"@type":"BreadcrumbList","@id":"https:\/\/pas.ee\/fi\/palvelut\/kansanvalinen-muutto\/#breadcrumb","itemListElement":[{"@type":"ListItem","position":1,"name":"Home","item":"https:\/\/pas.ee\/fi\/"},{"@type":"ListItem","position":2,"name":"PALVELUT","item":"https:\/\/pas.ee\/fi\/palvelut\/"},{"@type":"ListItem","position":3,"name":"KANSANV\u00c4LINEN MUUTTO"}]},{"@type":"WebSite","@id":"https:\/\/pas.ee\/#website","url":"https:\/\/pas.ee\/","name":"Plado Art Services","description":"J\u00e4rjekordne WordPressi veebileht","publisher":{"@id":"https:\/\/pas.ee\/#organization"},"potentialAction":[{"@type":"SearchAction","target":{"@type":"EntryPoint","urlTemplate":"https:\/\/pas.ee\/?s={search_term_string}"},"query-input":{"@type":"PropertyValueSpecification","valueRequired":true,"valueName":"search_term_string"}}],"inLanguage":"fi"},{"@type":"Organization","@id":"https:\/\/pas.ee\/#organization","name":"Plado Art Services","url":"https:\/\/pas.ee\/","logo":{"@type":"ImageObject","inLanguage":"fi","@id":"https:\/\/pas.ee\/#\/schema\/logo\/image\/","url":"https:\/\/pas.ee\/wp-content\/uploads\/2015\/04\/PladoArt-Services_Logo.jpg","contentUrl":"https:\/\/pas.ee\/wp-content\/uploads\/2015\/04\/PladoArt-Services_Logo.jpg","width":496,"height":227,"caption":"Plado Art Services"},"image":{"@id":"https:\/\/pas.ee\/#\/schema\/logo\/image\/"},"sameAs":["https:\/\/www.facebook.com\/PASEESTI\/"]}]}},"_links":{"self":[{"href":"https:\/\/pas.ee\/fi\/wp-json\/wp\/v2\/pages\/1198"}],"collection":[{"href":"https:\/\/pas.ee\/fi\/wp-json\/wp\/v2\/pages"}],"about":[{"href":"https:\/\/pas.ee\/fi\/wp-json\/wp\/v2\/types\/page"}],"author":[{"embeddable":true,"href":"https:\/\/pas.ee\/fi\/wp-json\/wp\/v2\/users\/1"}],"replies":[{"embeddable":true,"href":"https:\/\/pas.ee\/fi\/wp-json\/wp\/v2\/comments?post=1198"}],"version-history":[{"count":2,"href":"https:\/\/pas.ee\/fi\/wp-json\/wp\/v2\/pages\/1198\/revisions"}],"predecessor-version":[{"id":2608,"href":"https:\/\/pas.ee\/fi\/wp-json\/wp\/v2\/pages\/1198\/revisions\/2608"}],"up":[{"embeddable":true,"href":"https:\/\/pas.ee\/fi\/wp-json\/wp\/v2\/pages\/35"}],"wp:attachment":[{"href":"https:\/\/pas.ee\/fi\/wp-json\/wp\/v2\/media?parent=1198"}],"curies":[{"name":"wp","href":"https:\/\/api.w.org\/{rel}","templated":true}]}}