{"id":1201,"date":"2015-04-21T13:07:28","date_gmt":"2015-04-21T13:07:28","guid":{"rendered":"http:\/\/pas.ee\/teenused\/lemmiklooma-transport\/"},"modified":"2020-08-18T14:39:23","modified_gmt":"2020-08-18T11:39:23","slug":"lemmikin-kuljetus","status":"publish","type":"page","link":"https:\/\/pas.ee\/fi\/palvelut\/lemmikin-kuljetus\/","title":{"rendered":"LEMMIKIN KULJETUS"},"content":{"rendered":"<p style=\"text-align: justify;\"><img loading=\"lazy\" decoding=\"async\" class=\" size-medium wp-image-1698 alignleft\" src=\"https:\/\/pas.ee\/wp-content\/uploads\/2015\/04\/Teenused_Lemmikloom-321x200.jpg\" alt=\"Teenused_Lemmikloom\" width=\"321\" height=\"200\" srcset=\"https:\/\/pas.ee\/wp-content\/uploads\/2015\/04\/Teenused_Lemmikloom-321x200.jpg 321w, https:\/\/pas.ee\/wp-content\/uploads\/2015\/04\/Teenused_Lemmikloom-100x62.jpg 100w, https:\/\/pas.ee\/wp-content\/uploads\/2015\/04\/Teenused_Lemmikloom.jpg 375w\" sizes=\"(max-width: 321px) 100vw, 321px\" \/>Terve tuloa meid\u00e4n lemmikin kuljetusta tutustaan sivulle. Mik\u00e4li olette muuttamassa toiseen maahan lemmikin kanssa ja toivoisitte, ett\u00e4 Teid\u00e4n lemmikki tuodaan Teille uuteen asuinpaikkaan, tai olette l\u00f6yt\u00e4neet lemmikin pennuille uuden kodin ulkomailla ja haluaisitte toimittaa heid\u00e4n sinne, tai haluatte menn\u00e4 reissuun lemmikin kanssa, niin olette juuri oikeassa paikassa.<\/p>\n<p style=\"text-align: justify;\">Me voidaan auttaa Teit\u00e4 kaikessa, mik\u00e4 koskee lemmikin kuljetusta Eestist\u00e4 ulos. Samoin autetaan Teit\u00e4 kaikissa mahdollisissa sis\u00e4 kuljetus menettelyiss\u00e4 Eestin saapumisessa (lentoterminaalin k\u00e4sittely, tullimenettelyt ja lemmikin asiakirjojen hoito).<\/p>\n<p style=\"text-align: justify;\">Yleisesti k\u00e4ytet\u00e4\u00e4n kansanv\u00e4lisess\u00e4 lemmikin kuljetuksessa lentokuljetusta. Vain lyhempi\u00e4 v\u00e4limatkoja, esimerkiksi Eestiin, Suomeen, Ruotsiin, Latviaan tai Liettuaan lemmikin mukavuutta huomioon ottaen, on mahdollista j\u00e4rjest\u00e4\u00e4 my\u00f6s tie- tai meritiekuljetusta.<\/p>\n<p style=\"text-align: justify;\">El\u00e4inten kuljetus on lentoliikenteess\u00e4 hyvin t\u00e4sm\u00e4llisesti ja perusteellisesti m\u00e4\u00e4ritelty. Kaikki kuljetuksen vaiheet, aloittaen el\u00e4imen poistuminen turvallisesta kodista, m\u00e4\u00e4r\u00e4p\u00e4\u00e4h\u00e4n saapumiseen asti, pit\u00e4\u00e4 olla mahdollisen el\u00e4inyst\u00e4v\u00e4llisi\u00e4 ja k\u00e4sitelty nopeasti. Kansanv\u00e4liset el\u00e4imen lentokuljetuksen m\u00e4\u00e4r\u00e4ykset ja vaatimukset on luotu v\u00e4lt\u00e4kseen riskej\u00e4 el\u00e4imen terveydelle ja ep\u00e4mukavuutta kuljetuksen aikana. Lemmikkien kuljetus on hankala prosessi, mink\u00e4 aikana t\u00e4ytyy olla tietoinen useista yksityiskohdista ja yhteisty\u00f6 osapuolien v\u00e4lill\u00e4 t\u00e4ytyy toimia moitteettomasti.<\/p>\n<p style=\"text-align: justify;\">Lemmikkien kuljetuksessa on useita eri monimutkaisia vaiheita, miss\u00e4 onnistuneesti autetaan Teit\u00e4, k\u00e4ytt\u00e4en kokemuksiamme ja perus tietoja lemmikin kuljetuksessa. Tarkemman tiedot lemmikin kuljetuksesta l\u00f6yt\u00e4\u00e4 lemmikin omistajan kuljetusoppaasta.<\/p>\n<p style=\"text-align: justify;\">Varmasti ei anna kyseinen sivu vastauksia kaikille Teid\u00e4n kysymyksille ja odotamme mielell\u00e4mme Teid\u00e4n yhteydenottoa, ett\u00e4 voisimme ilmoittaa Teille sopivan ratkaisun juuri Teid\u00e4n lemmikin kuljetukseen.<\/p>\n","protected":false},"excerpt":{"rendered":"<p>Terve tuloa meid\u00e4n lemmikin kuljetusta tutustaan sivulle. Mik\u00e4li olette muuttamassa toiseen maahan lemmikin kanssa ja toivoisitte, ett\u00e4 Teid\u00e4n lemmikki tuodaan Teille uuteen asuinpaikkaan,<a class=\"moretag\" href=\"https:\/\/pas.ee\/fi\/palvelut\/lemmikin-kuljetus\/\"> Read more&#8230;<\/a><\/p>\n","protected":false},"author":1,"featured_media":0,"parent":35,"menu_order":3,"comment_status":"closed","ping_status":"closed","template":"","meta":{"_acf_changed":false,"footnotes":""},"class_list":["post-1201","page","type-page","status-publish","hentry"],"acf":[],"yoast_head":"<!-- This site is optimized with the Yoast SEO plugin v24.8.1 - https:\/\/yoast.com\/wordpress\/plugins\/seo\/ -->\n<title>LEMMIKIN KULJETUS - PAS<\/title>\n<meta name=\"robots\" content=\"index, follow, max-snippet:-1, max-image-preview:large, max-video-preview:-1\" \/>\n<link rel=\"canonical\" href=\"https:\/\/pas.ee\/fi\/palvelut\/lemmikin-kuljetus\/\" \/>\n<meta property=\"og:locale\" content=\"fi_FI\" \/>\n<meta property=\"og:type\" content=\"article\" \/>\n<meta property=\"og:title\" content=\"LEMMIKIN KULJETUS - PAS\" \/>\n<meta property=\"og:description\" content=\"Terve tuloa meid\u00e4n lemmikin kuljetusta tutustaan sivulle. Mik\u00e4li olette muuttamassa toiseen maahan lemmikin kanssa ja toivoisitte, ett\u00e4 Teid\u00e4n lemmikki tuodaan Teille uuteen asuinpaikkaan, Read more...\" \/>\n<meta property=\"og:url\" content=\"https:\/\/pas.ee\/fi\/palvelut\/lemmikin-kuljetus\/\" \/>\n<meta property=\"og:site_name\" content=\"PAS\" \/>\n<meta property=\"article:publisher\" content=\"https:\/\/www.facebook.com\/PASEESTI\/\" \/>\n<meta property=\"article:modified_time\" content=\"2020-08-18T11:39:23+00:00\" \/>\n<meta property=\"og:image\" content=\"https:\/\/pas.ee\/wp-content\/uploads\/2015\/04\/Teenused_Lemmikloom-321x200.jpg\" \/>\n<meta name=\"twitter:card\" content=\"summary_large_image\" \/>\n<meta name=\"twitter:label1\" content=\"Arvioitu lukuaika\" \/>\n\t<meta name=\"twitter:data1\" content=\"1 minuutti\" \/>\n<script type=\"application\/ld+json\" class=\"yoast-schema-graph\">{\"@context\":\"https:\/\/schema.org\",\"@graph\":[{\"@type\":\"WebPage\",\"@id\":\"https:\/\/pas.ee\/fi\/palvelut\/lemmikin-kuljetus\/\",\"url\":\"https:\/\/pas.ee\/fi\/palvelut\/lemmikin-kuljetus\/\",\"name\":\"LEMMIKIN KULJETUS - PAS\",\"isPartOf\":{\"@id\":\"https:\/\/pas.ee\/#website\"},\"primaryImageOfPage\":{\"@id\":\"https:\/\/pas.ee\/fi\/palvelut\/lemmikin-kuljetus\/#primaryimage\"},\"image\":{\"@id\":\"https:\/\/pas.ee\/fi\/palvelut\/lemmikin-kuljetus\/#primaryimage\"},\"thumbnailUrl\":\"https:\/\/pas.ee\/wp-content\/uploads\/2015\/04\/Teenused_Lemmikloom-321x200.jpg\",\"datePublished\":\"2015-04-21T13:07:28+00:00\",\"dateModified\":\"2020-08-18T11:39:23+00:00\",\"breadcrumb\":{\"@id\":\"https:\/\/pas.ee\/fi\/palvelut\/lemmikin-kuljetus\/#breadcrumb\"},\"inLanguage\":\"fi\",\"potentialAction\":[{\"@type\":\"ReadAction\",\"target\":[\"https:\/\/pas.ee\/fi\/palvelut\/lemmikin-kuljetus\/\"]}]},{\"@type\":\"ImageObject\",\"inLanguage\":\"fi\",\"@id\":\"https:\/\/pas.ee\/fi\/palvelut\/lemmikin-kuljetus\/#primaryimage\",\"url\":\"https:\/\/pas.ee\/wp-content\/uploads\/2015\/04\/Teenused_Lemmikloom-321x200.jpg\",\"contentUrl\":\"https:\/\/pas.ee\/wp-content\/uploads\/2015\/04\/Teenused_Lemmikloom-321x200.jpg\"},{\"@type\":\"BreadcrumbList\",\"@id\":\"https:\/\/pas.ee\/fi\/palvelut\/lemmikin-kuljetus\/#breadcrumb\",\"itemListElement\":[{\"@type\":\"ListItem\",\"position\":1,\"name\":\"Home\",\"item\":\"https:\/\/pas.ee\/fi\/\"},{\"@type\":\"ListItem\",\"position\":2,\"name\":\"PALVELUT\",\"item\":\"https:\/\/pas.ee\/fi\/palvelut\/\"},{\"@type\":\"ListItem\",\"position\":3,\"name\":\"LEMMIKIN KULJETUS\"}]},{\"@type\":\"WebSite\",\"@id\":\"https:\/\/pas.ee\/#website\",\"url\":\"https:\/\/pas.ee\/\",\"name\":\"Plado Art Services\",\"description\":\"J\u00e4rjekordne WordPressi veebileht\",\"publisher\":{\"@id\":\"https:\/\/pas.ee\/#organization\"},\"potentialAction\":[{\"@type\":\"SearchAction\",\"target\":{\"@type\":\"EntryPoint\",\"urlTemplate\":\"https:\/\/pas.ee\/?s={search_term_string}\"},\"query-input\":{\"@type\":\"PropertyValueSpecification\",\"valueRequired\":true,\"valueName\":\"search_term_string\"}}],\"inLanguage\":\"fi\"},{\"@type\":\"Organization\",\"@id\":\"https:\/\/pas.ee\/#organization\",\"name\":\"Plado Art Services\",\"url\":\"https:\/\/pas.ee\/\",\"logo\":{\"@type\":\"ImageObject\",\"inLanguage\":\"fi\",\"@id\":\"https:\/\/pas.ee\/#\/schema\/logo\/image\/\",\"url\":\"https:\/\/pas.ee\/wp-content\/uploads\/2015\/04\/PladoArt-Services_Logo.jpg\",\"contentUrl\":\"https:\/\/pas.ee\/wp-content\/uploads\/2015\/04\/PladoArt-Services_Logo.jpg\",\"width\":496,\"height\":227,\"caption\":\"Plado Art Services\"},\"image\":{\"@id\":\"https:\/\/pas.ee\/#\/schema\/logo\/image\/\"},\"sameAs\":[\"https:\/\/www.facebook.com\/PASEESTI\/\"]}]}<\/script>\n<!-- \/ Yoast SEO plugin. -->","yoast_head_json":{"title":"LEMMIKIN KULJETUS - PAS","robots":{"index":"index","follow":"follow","max-snippet":"max-snippet:-1","max-image-preview":"max-image-preview:large","max-video-preview":"max-video-preview:-1"},"canonical":"https:\/\/pas.ee\/fi\/palvelut\/lemmikin-kuljetus\/","og_locale":"fi_FI","og_type":"article","og_title":"LEMMIKIN KULJETUS - PAS","og_description":"Terve tuloa meid\u00e4n lemmikin kuljetusta tutustaan sivulle. Mik\u00e4li olette muuttamassa toiseen maahan lemmikin kanssa ja toivoisitte, ett\u00e4 Teid\u00e4n lemmikki tuodaan Teille uuteen asuinpaikkaan, Read more...","og_url":"https:\/\/pas.ee\/fi\/palvelut\/lemmikin-kuljetus\/","og_site_name":"PAS","article_publisher":"https:\/\/www.facebook.com\/PASEESTI\/","article_modified_time":"2020-08-18T11:39:23+00:00","og_image":[{"url":"https:\/\/pas.ee\/wp-content\/uploads\/2015\/04\/Teenused_Lemmikloom-321x200.jpg","type":"","width":"","height":""}],"twitter_card":"summary_large_image","twitter_misc":{"Arvioitu lukuaika":"1 minuutti"},"schema":{"@context":"https:\/\/schema.org","@graph":[{"@type":"WebPage","@id":"https:\/\/pas.ee\/fi\/palvelut\/lemmikin-kuljetus\/","url":"https:\/\/pas.ee\/fi\/palvelut\/lemmikin-kuljetus\/","name":"LEMMIKIN KULJETUS - PAS","isPartOf":{"@id":"https:\/\/pas.ee\/#website"},"primaryImageOfPage":{"@id":"https:\/\/pas.ee\/fi\/palvelut\/lemmikin-kuljetus\/#primaryimage"},"image":{"@id":"https:\/\/pas.ee\/fi\/palvelut\/lemmikin-kuljetus\/#primaryimage"},"thumbnailUrl":"https:\/\/pas.ee\/wp-content\/uploads\/2015\/04\/Teenused_Lemmikloom-321x200.jpg","datePublished":"2015-04-21T13:07:28+00:00","dateModified":"2020-08-18T11:39:23+00:00","breadcrumb":{"@id":"https:\/\/pas.ee\/fi\/palvelut\/lemmikin-kuljetus\/#breadcrumb"},"inLanguage":"fi","potentialAction":[{"@type":"ReadAction","target":["https:\/\/pas.ee\/fi\/palvelut\/lemmikin-kuljetus\/"]}]},{"@type":"ImageObject","inLanguage":"fi","@id":"https:\/\/pas.ee\/fi\/palvelut\/lemmikin-kuljetus\/#primaryimage","url":"https:\/\/pas.ee\/wp-content\/uploads\/2015\/04\/Teenused_Lemmikloom-321x200.jpg","contentUrl":"https:\/\/pas.ee\/wp-content\/uploads\/2015\/04\/Teenused_Lemmikloom-321x200.jpg"},{"@type":"BreadcrumbList","@id":"https:\/\/pas.ee\/fi\/palvelut\/lemmikin-kuljetus\/#breadcrumb","itemListElement":[{"@type":"ListItem","position":1,"name":"Home","item":"https:\/\/pas.ee\/fi\/"},{"@type":"ListItem","position":2,"name":"PALVELUT","item":"https:\/\/pas.ee\/fi\/palvelut\/"},{"@type":"ListItem","position":3,"name":"LEMMIKIN KULJETUS"}]},{"@type":"WebSite","@id":"https:\/\/pas.ee\/#website","url":"https:\/\/pas.ee\/","name":"Plado Art Services","description":"J\u00e4rjekordne WordPressi veebileht","publisher":{"@id":"https:\/\/pas.ee\/#organization"},"potentialAction":[{"@type":"SearchAction","target":{"@type":"EntryPoint","urlTemplate":"https:\/\/pas.ee\/?s={search_term_string}"},"query-input":{"@type":"PropertyValueSpecification","valueRequired":true,"valueName":"search_term_string"}}],"inLanguage":"fi"},{"@type":"Organization","@id":"https:\/\/pas.ee\/#organization","name":"Plado Art Services","url":"https:\/\/pas.ee\/","logo":{"@type":"ImageObject","inLanguage":"fi","@id":"https:\/\/pas.ee\/#\/schema\/logo\/image\/","url":"https:\/\/pas.ee\/wp-content\/uploads\/2015\/04\/PladoArt-Services_Logo.jpg","contentUrl":"https:\/\/pas.ee\/wp-content\/uploads\/2015\/04\/PladoArt-Services_Logo.jpg","width":496,"height":227,"caption":"Plado Art Services"},"image":{"@id":"https:\/\/pas.ee\/#\/schema\/logo\/image\/"},"sameAs":["https:\/\/www.facebook.com\/PASEESTI\/"]}]}},"_links":{"self":[{"href":"https:\/\/pas.ee\/fi\/wp-json\/wp\/v2\/pages\/1201"}],"collection":[{"href":"https:\/\/pas.ee\/fi\/wp-json\/wp\/v2\/pages"}],"about":[{"href":"https:\/\/pas.ee\/fi\/wp-json\/wp\/v2\/types\/page"}],"author":[{"embeddable":true,"href":"https:\/\/pas.ee\/fi\/wp-json\/wp\/v2\/users\/1"}],"replies":[{"embeddable":true,"href":"https:\/\/pas.ee\/fi\/wp-json\/wp\/v2\/comments?post=1201"}],"version-history":[{"count":2,"href":"https:\/\/pas.ee\/fi\/wp-json\/wp\/v2\/pages\/1201\/revisions"}],"predecessor-version":[{"id":2740,"href":"https:\/\/pas.ee\/fi\/wp-json\/wp\/v2\/pages\/1201\/revisions\/2740"}],"up":[{"embeddable":true,"href":"https:\/\/pas.ee\/fi\/wp-json\/wp\/v2\/pages\/35"}],"wp:attachment":[{"href":"https:\/\/pas.ee\/fi\/wp-json\/wp\/v2\/media?parent=1201"}],"curies":[{"name":"wp","href":"https:\/\/api.w.org\/{rel}","templated":true}]}}