{"id":1204,"date":"2015-04-21T13:07:47","date_gmt":"2015-04-21T13:07:47","guid":{"rendered":"http:\/\/pas.ee\/teenused\/pakkekastide-ehitus\/"},"modified":"2015-12-17T14:30:28","modified_gmt":"2015-12-17T14:30:28","slug":"pakkauslaatikkojen-rakennus","status":"publish","type":"page","link":"https:\/\/pas.ee\/fi\/palvelut\/pakkauslaatikkojen-rakennus\/","title":{"rendered":"PAKKAUSLAATIKKOJEN RAKENNUS"},"content":{"rendered":"<p><img loading=\"lazy\" decoding=\"async\" class=\" size-medium wp-image-1712 alignleft\" src=\"https:\/\/pas.ee\/wp-content\/uploads\/2015\/04\/Teenused_Kast-321x200.jpg\" alt=\"Teenused_Kast\" width=\"321\" height=\"200\" srcset=\"https:\/\/pas.ee\/wp-content\/uploads\/2015\/04\/Teenused_Kast-321x200.jpg 321w, https:\/\/pas.ee\/wp-content\/uploads\/2015\/04\/Teenused_Kast-100x62.jpg 100w, https:\/\/pas.ee\/wp-content\/uploads\/2015\/04\/Teenused_Kast.jpg 375w\" sizes=\"(max-width: 321px) 100vw, 321px\" \/><\/p>\n<p style=\"text-align: justify;\">L\u00e4hetyksen terve ja muutoksetta pysymisen edellykseksi on kuljetusta varten sopiva ja hyvin ajateltu pakkaus.<\/p>\n<p style=\"text-align: justify;\">T\u00e4rke\u00e4 on valita paketin tyyppi ja materiaalit pakkaamiseen huomioon ottaen kuljetus tapa, reitti, aika ja l\u00e4hetyksen ominaisuuksien syist\u00e4 olevat ehdot.<\/p>\n<p style=\"text-align: justify;\">Me otetaan huomioon kyseiset vaatimukset, ett\u00e4 voisimme tarjoa parhaita mahdollisia ratkaisuja varmistamme turvallista ja tasaista ymp\u00e4rist\u00f6\u00e4 l\u00e4hetykselle.<\/p>\n<p style=\"text-align: justify;\">Meid\u00e4n kokemukset on monen eri l\u00e4hetyksen pakkauksessa, esimerkiksi moottoripy\u00f6r\u00e4t, pianot, isolla arvolla taideteokset, antavat asiakkaalle varmuuden, ett\u00e4 meid\u00e4n ratkaisu, mitk\u00e4 tahansa esineen pakkaamisessa, on paras, turvallisin ja taloudellisessa ajatuksessa j\u00e4rkevint\u00e4.<\/p>\n<p style=\"text-align: justify;\">Mahdollisuuksia eri laatikoille ja pakkaus tyypeille on lukematon m\u00e4\u00e4r\u00e4. Alla on hahmoteltu vain jotkut yleisemm\u00e4t vaihtoehdot.<\/p>\n<p style=\"text-align: justify;\">Yhdistet\u00e4\u00e4n eri pakkaukset ja materiaalit, n\u00e4in voidaan tarjoa juuri sellaista laatikkoa, pakkausta tai pakkaus tyyppi\u00e4, mit\u00e4 hetkell\u00e4 on tarpeen. Ota meihin yhteytt\u00e4 ja l\u00f6ydet\u00e4\u00e4n juuri Teille sopiva ratkaisu.<\/p>\n<p>&nbsp;<\/p>\n","protected":false},"excerpt":{"rendered":"<p>L\u00e4hetyksen terve ja muutoksetta pysymisen edellykseksi on kuljetusta varten sopiva ja hyvin ajateltu pakkaus. T\u00e4rke\u00e4 on valita paketin tyyppi ja materiaalit pakkaamiseen huomioon<a class=\"moretag\" href=\"https:\/\/pas.ee\/fi\/palvelut\/pakkauslaatikkojen-rakennus\/\"> Read more&#8230;<\/a><\/p>\n","protected":false},"author":1,"featured_media":0,"parent":35,"menu_order":4,"comment_status":"closed","ping_status":"closed","template":"","meta":{"_acf_changed":false,"footnotes":""},"class_list":["post-1204","page","type-page","status-publish","hentry"],"acf":[],"yoast_head":"<!-- This site is optimized with the Yoast SEO plugin v24.8.1 - https:\/\/yoast.com\/wordpress\/plugins\/seo\/ -->\n<title>PAKKAUSLAATIKKOJEN RAKENNUS - PAS<\/title>\n<meta name=\"robots\" content=\"index, follow, max-snippet:-1, max-image-preview:large, max-video-preview:-1\" \/>\n<link rel=\"canonical\" href=\"https:\/\/pas.ee\/fi\/palvelut\/pakkauslaatikkojen-rakennus\/\" \/>\n<meta property=\"og:locale\" content=\"fi_FI\" \/>\n<meta property=\"og:type\" content=\"article\" \/>\n<meta property=\"og:title\" content=\"PAKKAUSLAATIKKOJEN RAKENNUS - PAS\" \/>\n<meta property=\"og:description\" content=\"L\u00e4hetyksen terve ja muutoksetta pysymisen edellykseksi on kuljetusta varten sopiva ja hyvin ajateltu pakkaus. T\u00e4rke\u00e4 on valita paketin tyyppi ja materiaalit pakkaamiseen huomioon Read more...\" \/>\n<meta property=\"og:url\" content=\"https:\/\/pas.ee\/fi\/palvelut\/pakkauslaatikkojen-rakennus\/\" \/>\n<meta property=\"og:site_name\" content=\"PAS\" \/>\n<meta property=\"article:publisher\" content=\"https:\/\/www.facebook.com\/PASEESTI\/\" \/>\n<meta property=\"article:modified_time\" content=\"2015-12-17T14:30:28+00:00\" \/>\n<meta property=\"og:image\" content=\"https:\/\/pas.ee\/wp-content\/uploads\/2015\/04\/Teenused_Kast-321x200.jpg\" \/>\n<meta name=\"twitter:card\" content=\"summary_large_image\" \/>\n<meta name=\"twitter:label1\" content=\"Arvioitu lukuaika\" \/>\n\t<meta name=\"twitter:data1\" content=\"1 minuutti\" \/>\n<script type=\"application\/ld+json\" class=\"yoast-schema-graph\">{\"@context\":\"https:\/\/schema.org\",\"@graph\":[{\"@type\":\"WebPage\",\"@id\":\"https:\/\/pas.ee\/fi\/palvelut\/pakkauslaatikkojen-rakennus\/\",\"url\":\"https:\/\/pas.ee\/fi\/palvelut\/pakkauslaatikkojen-rakennus\/\",\"name\":\"PAKKAUSLAATIKKOJEN RAKENNUS - PAS\",\"isPartOf\":{\"@id\":\"https:\/\/pas.ee\/#website\"},\"primaryImageOfPage\":{\"@id\":\"https:\/\/pas.ee\/fi\/palvelut\/pakkauslaatikkojen-rakennus\/#primaryimage\"},\"image\":{\"@id\":\"https:\/\/pas.ee\/fi\/palvelut\/pakkauslaatikkojen-rakennus\/#primaryimage\"},\"thumbnailUrl\":\"https:\/\/pas.ee\/wp-content\/uploads\/2015\/04\/Teenused_Kast-321x200.jpg\",\"datePublished\":\"2015-04-21T13:07:47+00:00\",\"dateModified\":\"2015-12-17T14:30:28+00:00\",\"breadcrumb\":{\"@id\":\"https:\/\/pas.ee\/fi\/palvelut\/pakkauslaatikkojen-rakennus\/#breadcrumb\"},\"inLanguage\":\"fi\",\"potentialAction\":[{\"@type\":\"ReadAction\",\"target\":[\"https:\/\/pas.ee\/fi\/palvelut\/pakkauslaatikkojen-rakennus\/\"]}]},{\"@type\":\"ImageObject\",\"inLanguage\":\"fi\",\"@id\":\"https:\/\/pas.ee\/fi\/palvelut\/pakkauslaatikkojen-rakennus\/#primaryimage\",\"url\":\"https:\/\/pas.ee\/wp-content\/uploads\/2015\/04\/Teenused_Kast-321x200.jpg\",\"contentUrl\":\"https:\/\/pas.ee\/wp-content\/uploads\/2015\/04\/Teenused_Kast-321x200.jpg\"},{\"@type\":\"BreadcrumbList\",\"@id\":\"https:\/\/pas.ee\/fi\/palvelut\/pakkauslaatikkojen-rakennus\/#breadcrumb\",\"itemListElement\":[{\"@type\":\"ListItem\",\"position\":1,\"name\":\"Home\",\"item\":\"https:\/\/pas.ee\/fi\/\"},{\"@type\":\"ListItem\",\"position\":2,\"name\":\"PALVELUT\",\"item\":\"https:\/\/pas.ee\/fi\/palvelut\/\"},{\"@type\":\"ListItem\",\"position\":3,\"name\":\"PAKKAUSLAATIKKOJEN RAKENNUS\"}]},{\"@type\":\"WebSite\",\"@id\":\"https:\/\/pas.ee\/#website\",\"url\":\"https:\/\/pas.ee\/\",\"name\":\"Plado Art Services\",\"description\":\"J\u00e4rjekordne WordPressi veebileht\",\"publisher\":{\"@id\":\"https:\/\/pas.ee\/#organization\"},\"potentialAction\":[{\"@type\":\"SearchAction\",\"target\":{\"@type\":\"EntryPoint\",\"urlTemplate\":\"https:\/\/pas.ee\/?s={search_term_string}\"},\"query-input\":{\"@type\":\"PropertyValueSpecification\",\"valueRequired\":true,\"valueName\":\"search_term_string\"}}],\"inLanguage\":\"fi\"},{\"@type\":\"Organization\",\"@id\":\"https:\/\/pas.ee\/#organization\",\"name\":\"Plado Art Services\",\"url\":\"https:\/\/pas.ee\/\",\"logo\":{\"@type\":\"ImageObject\",\"inLanguage\":\"fi\",\"@id\":\"https:\/\/pas.ee\/#\/schema\/logo\/image\/\",\"url\":\"https:\/\/pas.ee\/wp-content\/uploads\/2015\/04\/PladoArt-Services_Logo.jpg\",\"contentUrl\":\"https:\/\/pas.ee\/wp-content\/uploads\/2015\/04\/PladoArt-Services_Logo.jpg\",\"width\":496,\"height\":227,\"caption\":\"Plado Art Services\"},\"image\":{\"@id\":\"https:\/\/pas.ee\/#\/schema\/logo\/image\/\"},\"sameAs\":[\"https:\/\/www.facebook.com\/PASEESTI\/\"]}]}<\/script>\n<!-- \/ Yoast SEO plugin. -->","yoast_head_json":{"title":"PAKKAUSLAATIKKOJEN RAKENNUS - PAS","robots":{"index":"index","follow":"follow","max-snippet":"max-snippet:-1","max-image-preview":"max-image-preview:large","max-video-preview":"max-video-preview:-1"},"canonical":"https:\/\/pas.ee\/fi\/palvelut\/pakkauslaatikkojen-rakennus\/","og_locale":"fi_FI","og_type":"article","og_title":"PAKKAUSLAATIKKOJEN RAKENNUS - PAS","og_description":"L\u00e4hetyksen terve ja muutoksetta pysymisen edellykseksi on kuljetusta varten sopiva ja hyvin ajateltu pakkaus. T\u00e4rke\u00e4 on valita paketin tyyppi ja materiaalit pakkaamiseen huomioon Read more...","og_url":"https:\/\/pas.ee\/fi\/palvelut\/pakkauslaatikkojen-rakennus\/","og_site_name":"PAS","article_publisher":"https:\/\/www.facebook.com\/PASEESTI\/","article_modified_time":"2015-12-17T14:30:28+00:00","og_image":[{"url":"https:\/\/pas.ee\/wp-content\/uploads\/2015\/04\/Teenused_Kast-321x200.jpg","type":"","width":"","height":""}],"twitter_card":"summary_large_image","twitter_misc":{"Arvioitu lukuaika":"1 minuutti"},"schema":{"@context":"https:\/\/schema.org","@graph":[{"@type":"WebPage","@id":"https:\/\/pas.ee\/fi\/palvelut\/pakkauslaatikkojen-rakennus\/","url":"https:\/\/pas.ee\/fi\/palvelut\/pakkauslaatikkojen-rakennus\/","name":"PAKKAUSLAATIKKOJEN RAKENNUS - PAS","isPartOf":{"@id":"https:\/\/pas.ee\/#website"},"primaryImageOfPage":{"@id":"https:\/\/pas.ee\/fi\/palvelut\/pakkauslaatikkojen-rakennus\/#primaryimage"},"image":{"@id":"https:\/\/pas.ee\/fi\/palvelut\/pakkauslaatikkojen-rakennus\/#primaryimage"},"thumbnailUrl":"https:\/\/pas.ee\/wp-content\/uploads\/2015\/04\/Teenused_Kast-321x200.jpg","datePublished":"2015-04-21T13:07:47+00:00","dateModified":"2015-12-17T14:30:28+00:00","breadcrumb":{"@id":"https:\/\/pas.ee\/fi\/palvelut\/pakkauslaatikkojen-rakennus\/#breadcrumb"},"inLanguage":"fi","potentialAction":[{"@type":"ReadAction","target":["https:\/\/pas.ee\/fi\/palvelut\/pakkauslaatikkojen-rakennus\/"]}]},{"@type":"ImageObject","inLanguage":"fi","@id":"https:\/\/pas.ee\/fi\/palvelut\/pakkauslaatikkojen-rakennus\/#primaryimage","url":"https:\/\/pas.ee\/wp-content\/uploads\/2015\/04\/Teenused_Kast-321x200.jpg","contentUrl":"https:\/\/pas.ee\/wp-content\/uploads\/2015\/04\/Teenused_Kast-321x200.jpg"},{"@type":"BreadcrumbList","@id":"https:\/\/pas.ee\/fi\/palvelut\/pakkauslaatikkojen-rakennus\/#breadcrumb","itemListElement":[{"@type":"ListItem","position":1,"name":"Home","item":"https:\/\/pas.ee\/fi\/"},{"@type":"ListItem","position":2,"name":"PALVELUT","item":"https:\/\/pas.ee\/fi\/palvelut\/"},{"@type":"ListItem","position":3,"name":"PAKKAUSLAATIKKOJEN RAKENNUS"}]},{"@type":"WebSite","@id":"https:\/\/pas.ee\/#website","url":"https:\/\/pas.ee\/","name":"Plado Art Services","description":"J\u00e4rjekordne WordPressi veebileht","publisher":{"@id":"https:\/\/pas.ee\/#organization"},"potentialAction":[{"@type":"SearchAction","target":{"@type":"EntryPoint","urlTemplate":"https:\/\/pas.ee\/?s={search_term_string}"},"query-input":{"@type":"PropertyValueSpecification","valueRequired":true,"valueName":"search_term_string"}}],"inLanguage":"fi"},{"@type":"Organization","@id":"https:\/\/pas.ee\/#organization","name":"Plado Art Services","url":"https:\/\/pas.ee\/","logo":{"@type":"ImageObject","inLanguage":"fi","@id":"https:\/\/pas.ee\/#\/schema\/logo\/image\/","url":"https:\/\/pas.ee\/wp-content\/uploads\/2015\/04\/PladoArt-Services_Logo.jpg","contentUrl":"https:\/\/pas.ee\/wp-content\/uploads\/2015\/04\/PladoArt-Services_Logo.jpg","width":496,"height":227,"caption":"Plado Art Services"},"image":{"@id":"https:\/\/pas.ee\/#\/schema\/logo\/image\/"},"sameAs":["https:\/\/www.facebook.com\/PASEESTI\/"]}]}},"_links":{"self":[{"href":"https:\/\/pas.ee\/fi\/wp-json\/wp\/v2\/pages\/1204"}],"collection":[{"href":"https:\/\/pas.ee\/fi\/wp-json\/wp\/v2\/pages"}],"about":[{"href":"https:\/\/pas.ee\/fi\/wp-json\/wp\/v2\/types\/page"}],"author":[{"embeddable":true,"href":"https:\/\/pas.ee\/fi\/wp-json\/wp\/v2\/users\/1"}],"replies":[{"embeddable":true,"href":"https:\/\/pas.ee\/fi\/wp-json\/wp\/v2\/comments?post=1204"}],"version-history":[{"count":0,"href":"https:\/\/pas.ee\/fi\/wp-json\/wp\/v2\/pages\/1204\/revisions"}],"up":[{"embeddable":true,"href":"https:\/\/pas.ee\/fi\/wp-json\/wp\/v2\/pages\/35"}],"wp:attachment":[{"href":"https:\/\/pas.ee\/fi\/wp-json\/wp\/v2\/media?parent=1204"}],"curies":[{"name":"wp","href":"https:\/\/api.w.org\/{rel}","templated":true}]}}