{"id":29,"date":"2015-04-16T08:40:19","date_gmt":"2015-04-16T08:40:19","guid":{"rendered":"http:\/\/pas.ee\/kontaktid-2\/"},"modified":"2018-10-14T19:14:45","modified_gmt":"2018-10-14T16:14:45","slug":"meidan-kontaktit","status":"publish","type":"page","link":"https:\/\/pas.ee\/fi\/meidan-kontaktit\/","title":{"rendered":"MEID\u00c4N KONTAKTIT"},"content":{"rendered":"<p style=\"text-align: center;\"><img loading=\"lazy\" decoding=\"async\" class=\" size-medium wp-image-1002 aligncenter\" src=\"https:\/\/pas.ee\/wp-content\/uploads\/2015\/04\/transferwise-logo-400x148.png\" alt=\"transferwise-logo\" width=\"400\" height=\"148\" srcset=\"https:\/\/pas.ee\/wp-content\/uploads\/2015\/04\/transferwise-logo-400x148.png 400w, https:\/\/pas.ee\/wp-content\/uploads\/2015\/04\/transferwise-logo-100x37.png 100w, https:\/\/pas.ee\/wp-content\/uploads\/2015\/04\/transferwise-logo.png 489w\" sizes=\"(max-width: 400px) 100vw, 400px\" \/><\/p>\n<p style=\"text-align: center;\">Me k\u00e4ytet\u00e4\u00e4n TransferWise&#8217;n palvelua, ett\u00e4 emme maksaisi liian paljon valuutan vaihtosta ja pankkipalveluista. Suusitelemme sit\u00e4 asjakkaillekin!<\/p>\n","protected":false},"excerpt":{"rendered":"<p>Me k\u00e4ytet\u00e4\u00e4n TransferWise&#8217;n palvelua, ett\u00e4 emme maksaisi liian paljon valuutan vaihtosta ja pankkipalveluista. Suusitelemme sit\u00e4 asjakkaillekin!<\/p>\n","protected":false},"author":1,"featured_media":0,"parent":0,"menu_order":4,"comment_status":"closed","ping_status":"closed","template":"kontakt.php","meta":{"_acf_changed":false,"footnotes":""},"class_list":["post-29","page","type-page","status-publish","hentry"],"acf":[],"yoast_head":"<!-- This site is optimized with the Yoast SEO plugin v24.8.1 - https:\/\/yoast.com\/wordpress\/plugins\/seo\/ -->\n<title>MEID\u00c4N KONTAKTIT - PAS<\/title>\n<meta name=\"robots\" content=\"index, follow, max-snippet:-1, max-image-preview:large, max-video-preview:-1\" \/>\n<link rel=\"canonical\" href=\"https:\/\/pas.ee\/fi\/meidan-kontaktit\/\" \/>\n<meta property=\"og:locale\" content=\"fi_FI\" \/>\n<meta property=\"og:type\" content=\"article\" \/>\n<meta property=\"og:title\" content=\"MEID\u00c4N KONTAKTIT - PAS\" \/>\n<meta property=\"og:description\" content=\"Me k\u00e4ytet\u00e4\u00e4n TransferWise&#8217;n palvelua, ett\u00e4 emme maksaisi liian paljon valuutan vaihtosta ja pankkipalveluista. Suusitelemme sit\u00e4 asjakkaillekin!\" \/>\n<meta property=\"og:url\" content=\"https:\/\/pas.ee\/fi\/meidan-kontaktit\/\" \/>\n<meta property=\"og:site_name\" content=\"PAS\" \/>\n<meta property=\"article:publisher\" content=\"https:\/\/www.facebook.com\/PASEESTI\/\" \/>\n<meta property=\"article:modified_time\" content=\"2018-10-14T16:14:45+00:00\" \/>\n<meta property=\"og:image\" content=\"https:\/\/pas.ee\/wp-content\/uploads\/2015\/04\/transferwise-logo-400x148.png\" \/>\n<meta name=\"twitter:card\" content=\"summary_large_image\" \/>\n<script type=\"application\/ld+json\" class=\"yoast-schema-graph\">{\"@context\":\"https:\/\/schema.org\",\"@graph\":[{\"@type\":\"WebPage\",\"@id\":\"https:\/\/pas.ee\/fi\/meidan-kontaktit\/\",\"url\":\"https:\/\/pas.ee\/fi\/meidan-kontaktit\/\",\"name\":\"MEID\u00c4N KONTAKTIT - PAS\",\"isPartOf\":{\"@id\":\"https:\/\/pas.ee\/#website\"},\"primaryImageOfPage\":{\"@id\":\"https:\/\/pas.ee\/fi\/meidan-kontaktit\/#primaryimage\"},\"image\":{\"@id\":\"https:\/\/pas.ee\/fi\/meidan-kontaktit\/#primaryimage\"},\"thumbnailUrl\":\"https:\/\/pas.ee\/wp-content\/uploads\/2015\/04\/transferwise-logo-400x148.png\",\"datePublished\":\"2015-04-16T08:40:19+00:00\",\"dateModified\":\"2018-10-14T16:14:45+00:00\",\"breadcrumb\":{\"@id\":\"https:\/\/pas.ee\/fi\/meidan-kontaktit\/#breadcrumb\"},\"inLanguage\":\"fi\",\"potentialAction\":[{\"@type\":\"ReadAction\",\"target\":[\"https:\/\/pas.ee\/fi\/meidan-kontaktit\/\"]}]},{\"@type\":\"ImageObject\",\"inLanguage\":\"fi\",\"@id\":\"https:\/\/pas.ee\/fi\/meidan-kontaktit\/#primaryimage\",\"url\":\"https:\/\/pas.ee\/wp-content\/uploads\/2015\/04\/transferwise-logo-400x148.png\",\"contentUrl\":\"https:\/\/pas.ee\/wp-content\/uploads\/2015\/04\/transferwise-logo-400x148.png\"},{\"@type\":\"BreadcrumbList\",\"@id\":\"https:\/\/pas.ee\/fi\/meidan-kontaktit\/#breadcrumb\",\"itemListElement\":[{\"@type\":\"ListItem\",\"position\":1,\"name\":\"Home\",\"item\":\"https:\/\/pas.ee\/fi\/\"},{\"@type\":\"ListItem\",\"position\":2,\"name\":\"MEID\u00c4N KONTAKTIT\"}]},{\"@type\":\"WebSite\",\"@id\":\"https:\/\/pas.ee\/#website\",\"url\":\"https:\/\/pas.ee\/\",\"name\":\"Plado Art Services\",\"description\":\"J\u00e4rjekordne WordPressi veebileht\",\"publisher\":{\"@id\":\"https:\/\/pas.ee\/#organization\"},\"potentialAction\":[{\"@type\":\"SearchAction\",\"target\":{\"@type\":\"EntryPoint\",\"urlTemplate\":\"https:\/\/pas.ee\/?s={search_term_string}\"},\"query-input\":{\"@type\":\"PropertyValueSpecification\",\"valueRequired\":true,\"valueName\":\"search_term_string\"}}],\"inLanguage\":\"fi\"},{\"@type\":\"Organization\",\"@id\":\"https:\/\/pas.ee\/#organization\",\"name\":\"Plado Art Services\",\"url\":\"https:\/\/pas.ee\/\",\"logo\":{\"@type\":\"ImageObject\",\"inLanguage\":\"fi\",\"@id\":\"https:\/\/pas.ee\/#\/schema\/logo\/image\/\",\"url\":\"https:\/\/pas.ee\/wp-content\/uploads\/2015\/04\/PladoArt-Services_Logo.jpg\",\"contentUrl\":\"https:\/\/pas.ee\/wp-content\/uploads\/2015\/04\/PladoArt-Services_Logo.jpg\",\"width\":496,\"height\":227,\"caption\":\"Plado Art Services\"},\"image\":{\"@id\":\"https:\/\/pas.ee\/#\/schema\/logo\/image\/\"},\"sameAs\":[\"https:\/\/www.facebook.com\/PASEESTI\/\"]}]}<\/script>\n<!-- \/ Yoast SEO plugin. -->","yoast_head_json":{"title":"MEID\u00c4N KONTAKTIT - PAS","robots":{"index":"index","follow":"follow","max-snippet":"max-snippet:-1","max-image-preview":"max-image-preview:large","max-video-preview":"max-video-preview:-1"},"canonical":"https:\/\/pas.ee\/fi\/meidan-kontaktit\/","og_locale":"fi_FI","og_type":"article","og_title":"MEID\u00c4N KONTAKTIT - PAS","og_description":"Me k\u00e4ytet\u00e4\u00e4n TransferWise&#8217;n palvelua, ett\u00e4 emme maksaisi liian paljon valuutan vaihtosta ja pankkipalveluista. Suusitelemme sit\u00e4 asjakkaillekin!","og_url":"https:\/\/pas.ee\/fi\/meidan-kontaktit\/","og_site_name":"PAS","article_publisher":"https:\/\/www.facebook.com\/PASEESTI\/","article_modified_time":"2018-10-14T16:14:45+00:00","og_image":[{"url":"https:\/\/pas.ee\/wp-content\/uploads\/2015\/04\/transferwise-logo-400x148.png","type":"","width":"","height":""}],"twitter_card":"summary_large_image","schema":{"@context":"https:\/\/schema.org","@graph":[{"@type":"WebPage","@id":"https:\/\/pas.ee\/fi\/meidan-kontaktit\/","url":"https:\/\/pas.ee\/fi\/meidan-kontaktit\/","name":"MEID\u00c4N KONTAKTIT - PAS","isPartOf":{"@id":"https:\/\/pas.ee\/#website"},"primaryImageOfPage":{"@id":"https:\/\/pas.ee\/fi\/meidan-kontaktit\/#primaryimage"},"image":{"@id":"https:\/\/pas.ee\/fi\/meidan-kontaktit\/#primaryimage"},"thumbnailUrl":"https:\/\/pas.ee\/wp-content\/uploads\/2015\/04\/transferwise-logo-400x148.png","datePublished":"2015-04-16T08:40:19+00:00","dateModified":"2018-10-14T16:14:45+00:00","breadcrumb":{"@id":"https:\/\/pas.ee\/fi\/meidan-kontaktit\/#breadcrumb"},"inLanguage":"fi","potentialAction":[{"@type":"ReadAction","target":["https:\/\/pas.ee\/fi\/meidan-kontaktit\/"]}]},{"@type":"ImageObject","inLanguage":"fi","@id":"https:\/\/pas.ee\/fi\/meidan-kontaktit\/#primaryimage","url":"https:\/\/pas.ee\/wp-content\/uploads\/2015\/04\/transferwise-logo-400x148.png","contentUrl":"https:\/\/pas.ee\/wp-content\/uploads\/2015\/04\/transferwise-logo-400x148.png"},{"@type":"BreadcrumbList","@id":"https:\/\/pas.ee\/fi\/meidan-kontaktit\/#breadcrumb","itemListElement":[{"@type":"ListItem","position":1,"name":"Home","item":"https:\/\/pas.ee\/fi\/"},{"@type":"ListItem","position":2,"name":"MEID\u00c4N KONTAKTIT"}]},{"@type":"WebSite","@id":"https:\/\/pas.ee\/#website","url":"https:\/\/pas.ee\/","name":"Plado Art Services","description":"J\u00e4rjekordne WordPressi veebileht","publisher":{"@id":"https:\/\/pas.ee\/#organization"},"potentialAction":[{"@type":"SearchAction","target":{"@type":"EntryPoint","urlTemplate":"https:\/\/pas.ee\/?s={search_term_string}"},"query-input":{"@type":"PropertyValueSpecification","valueRequired":true,"valueName":"search_term_string"}}],"inLanguage":"fi"},{"@type":"Organization","@id":"https:\/\/pas.ee\/#organization","name":"Plado Art Services","url":"https:\/\/pas.ee\/","logo":{"@type":"ImageObject","inLanguage":"fi","@id":"https:\/\/pas.ee\/#\/schema\/logo\/image\/","url":"https:\/\/pas.ee\/wp-content\/uploads\/2015\/04\/PladoArt-Services_Logo.jpg","contentUrl":"https:\/\/pas.ee\/wp-content\/uploads\/2015\/04\/PladoArt-Services_Logo.jpg","width":496,"height":227,"caption":"Plado Art Services"},"image":{"@id":"https:\/\/pas.ee\/#\/schema\/logo\/image\/"},"sameAs":["https:\/\/www.facebook.com\/PASEESTI\/"]}]}},"_links":{"self":[{"href":"https:\/\/pas.ee\/fi\/wp-json\/wp\/v2\/pages\/29"}],"collection":[{"href":"https:\/\/pas.ee\/fi\/wp-json\/wp\/v2\/pages"}],"about":[{"href":"https:\/\/pas.ee\/fi\/wp-json\/wp\/v2\/types\/page"}],"author":[{"embeddable":true,"href":"https:\/\/pas.ee\/fi\/wp-json\/wp\/v2\/users\/1"}],"replies":[{"embeddable":true,"href":"https:\/\/pas.ee\/fi\/wp-json\/wp\/v2\/comments?post=29"}],"version-history":[{"count":2,"href":"https:\/\/pas.ee\/fi\/wp-json\/wp\/v2\/pages\/29\/revisions"}],"predecessor-version":[{"id":2633,"href":"https:\/\/pas.ee\/fi\/wp-json\/wp\/v2\/pages\/29\/revisions\/2633"}],"wp:attachment":[{"href":"https:\/\/pas.ee\/fi\/wp-json\/wp\/v2\/media?parent=29"}],"curies":[{"name":"wp","href":"https:\/\/api.w.org\/{rel}","templated":true}]}}